{"id":83,"date":"2025-02-20T16:49:54","date_gmt":"2025-02-20T16:49:54","guid":{"rendered":"https:\/\/dr-auzinger.at\/?page_id=83"},"modified":"2025-02-20T16:49:55","modified_gmt":"2025-02-20T16:49:55","slug":"impressum","status":"publish","type":"page","link":"https:\/\/dr-auzinger.at\/?page_id=83","title":{"rendered":"Impressum"},"content":{"rendered":"\n<h2 class=\"wp-block-heading\"><strong>Informationen und Offenlegung gem\u00e4\u00df \u00a75 (1) ECG, \u00a7 25 MedienG, \u00a7 63 GewO und \u00a7 14 UGB<\/strong><\/h2>\n\n\n\n<p><strong>Webseitenbetreiber:<\/strong>\u00a0Dr. med. univ. Nora Auzinger<\/p>\n\n\n\n<p><strong>Anschrift:<\/strong>&nbsp;Wohlmayrgasse 4, 4910 Ried im Innkreis<\/p>\n\n\n\n<p><strong>Gewerbeaufsichtbeh\u00f6rde:<\/strong>\u00a0\u00c4rztekammer Ober\u00f6sterreich<\/p>\n\n\n\n<p><strong>Kontaktdaten:<\/strong><br>Telefon: +43 7752 88420<br>Email: hno@dr-auzinger.at<\/p>\n\n\n\n<p><strong>Anwendbare Rechtsvorschrift:<\/strong>&nbsp;www.ris.bka.gv.at<br><strong>Berufsbezeichnung:<\/strong>&nbsp;Fach\u00e4rztin f\u00fcr HNO<\/p>\n\n\n\n<p><strong>Online Streitbeilegung:<\/strong>&nbsp;Verbraucher, welche in \u00d6sterreich oder in einem sonstigen Vertragsstaat der ODR-VO niedergelassen sind, haben die M\u00f6glichkeit Probleme bez\u00fcglich dem entgeltlichen Kauf von Waren oder Dienstleistungen im Rahmen einer Online-Streitbeilegung (nach OS, AStG) zu l\u00f6sen. Die Europ\u00e4ische Kommission stellt eine Plattform hierf\u00fcr bereit: https:\/\/ec.europa.eu\/consumers\/odr<\/p>\n\n\n\n<p><strong>Urheberrecht:<\/strong>&nbsp;Die Inhalte dieser Webseite unterliegen, soweit dies rechtlich m\u00f6glich ist, diversen Schutzrechten (z.B dem Urheberrecht). Jegliche Verwendung\/Verbreitung von bereitgestelltem Material, welche urheberrechtlich untersagt ist, bedarf schriftlicher Zustimmung des Webseitenbetreibers.<\/p>\n\n\n\n<p><strong>Haftungsausschluss:<\/strong>&nbsp;Trotz sorgf\u00e4ltiger inhaltlicher Kontrolle \u00fcbernimmt der Webseitenbetreiber dieser Webseite keine Haftung f\u00fcr die Inhalte externer Links. F\u00fcr den Inhalt der verlinkten Seiten sind ausschlie\u00dflich deren Betreiber verantwortlich. Sollten Sie dennoch auf ausgehende Links aufmerksam werden, welche auf eine Webseite mit rechtswidriger T\u00e4tigkeit\/Information verweisen, ersuchen wir um dementsprechenden Hinweis, um diese nach \u00a7 17 Abs. 2 ECG umgehend zu entfernen.<br>Die Urheberrechte Dritter werden vom Betreiber dieser Webseite mit gr\u00f6\u00dfter Sorgfalt beachtet. Sollten Sie trotzdem auf eine Urheberrechtsverletzung aufmerksam werden, bitten wir um einen entsprechenden Hinweis. Bei Bekanntwerden derartiger Rechtsverletzungen werden wir den betroffenen Inhalt umgehend entfernen.<\/p>\n\n\n\n<p>Quelle:&nbsp;<strong><a href=\"https:\/\/www.fairesrecht.at\/kostenlos-impressum-erstellen-generator.php\">Impressum Generator \u00d6sterreich<\/a><\/strong><\/p>\n\n\n\n<p><\/p>\n","protected":false},"excerpt":{"rendered":"<p>Informationen und Offenlegung gem\u00e4\u00df \u00a75 (1) ECG, \u00a7 25 MedienG, \u00a7 63 GewO [&hellip;]<\/p>\n","protected":false},"author":1,"featured_media":0,"parent":0,"menu_order":0,"comment_status":"closed","ping_status":"closed","template":"","meta":{"footnotes":""},"class_list":["post-83","page","type-page","status-publish","hentry"],"yoast_head":"<!-- This site is optimized with the Yoast SEO plugin v26.6 - https:\/\/yoast.com\/wordpress\/plugins\/seo\/ -->\n<title>Impressum - Wahlarztordination Dr. Auzinger<\/title>\n<meta name=\"robots\" content=\"index, follow, max-snippet:-1, max-image-preview:large, max-video-preview:-1\" \/>\n<link rel=\"canonical\" href=\"https:\/\/dr-auzinger.at\/?page_id=83\" \/>\n<meta property=\"og:locale\" content=\"de_DE\" \/>\n<meta property=\"og:type\" content=\"article\" \/>\n<meta property=\"og:title\" content=\"Impressum - Wahlarztordination Dr. Auzinger\" \/>\n<meta property=\"og:description\" content=\"Informationen und Offenlegung gem\u00e4\u00df \u00a75 (1) ECG, \u00a7 25 MedienG, \u00a7 63 GewO [&hellip;]\" \/>\n<meta property=\"og:url\" content=\"https:\/\/dr-auzinger.at\/?page_id=83\" \/>\n<meta property=\"og:site_name\" content=\"Wahlarztordination Dr. Auzinger\" \/>\n<meta property=\"article:modified_time\" content=\"2025-02-20T16:49:55+00:00\" \/>\n<meta name=\"twitter:card\" content=\"summary_large_image\" \/>\n<meta name=\"twitter:label1\" content=\"Gesch\u00e4tzte Lesezeit\" \/>\n\t<meta name=\"twitter:data1\" content=\"2\u00a0Minuten\" \/>\n<script type=\"application\/ld+json\" class=\"yoast-schema-graph\">{\"@context\":\"https:\/\/schema.org\",\"@graph\":[{\"@type\":\"WebPage\",\"@id\":\"https:\/\/dr-auzinger.at\/?page_id=83\",\"url\":\"https:\/\/dr-auzinger.at\/?page_id=83\",\"name\":\"Impressum - Wahlarztordination Dr. Auzinger\",\"isPartOf\":{\"@id\":\"https:\/\/dr-auzinger.at\/#website\"},\"datePublished\":\"2025-02-20T16:49:54+00:00\",\"dateModified\":\"2025-02-20T16:49:55+00:00\",\"breadcrumb\":{\"@id\":\"https:\/\/dr-auzinger.at\/?page_id=83#breadcrumb\"},\"inLanguage\":\"de\",\"potentialAction\":[{\"@type\":\"ReadAction\",\"target\":[\"https:\/\/dr-auzinger.at\/?page_id=83\"]}]},{\"@type\":\"BreadcrumbList\",\"@id\":\"https:\/\/dr-auzinger.at\/?page_id=83#breadcrumb\",\"itemListElement\":[{\"@type\":\"ListItem\",\"position\":1,\"name\":\"Startseite\",\"item\":\"https:\/\/dr-auzinger.at\/\"},{\"@type\":\"ListItem\",\"position\":2,\"name\":\"Impressum\"}]},{\"@type\":\"WebSite\",\"@id\":\"https:\/\/dr-auzinger.at\/#website\",\"url\":\"https:\/\/dr-auzinger.at\/\",\"name\":\"HNO Wahlarztordination Dr. Auzinger Nora\",\"description\":\"\",\"publisher\":{\"@id\":\"https:\/\/dr-auzinger.at\/#organization\"},\"potentialAction\":[{\"@type\":\"SearchAction\",\"target\":{\"@type\":\"EntryPoint\",\"urlTemplate\":\"https:\/\/dr-auzinger.at\/?s={search_term_string}\"},\"query-input\":{\"@type\":\"PropertyValueSpecification\",\"valueRequired\":true,\"valueName\":\"search_term_string\"}}],\"inLanguage\":\"de\"},{\"@type\":\"Organization\",\"@id\":\"https:\/\/dr-auzinger.at\/#organization\",\"name\":\"Wahlarztordination Dr. Auzinger Nora\",\"url\":\"https:\/\/dr-auzinger.at\/\",\"logo\":{\"@type\":\"ImageObject\",\"inLanguage\":\"de\",\"@id\":\"https:\/\/dr-auzinger.at\/#\/schema\/logo\/image\/\",\"url\":\"https:\/\/dr-auzinger.at\/wp-content\/uploads\/2025\/02\/Logo-Doktor-Nora-Auzinger-HNO.jpg\",\"contentUrl\":\"https:\/\/dr-auzinger.at\/wp-content\/uploads\/2025\/02\/Logo-Doktor-Nora-Auzinger-HNO.jpg\",\"width\":2480,\"height\":436,\"caption\":\"Wahlarztordination Dr. Auzinger Nora\"},\"image\":{\"@id\":\"https:\/\/dr-auzinger.at\/#\/schema\/logo\/image\/\"}}]}<\/script>\n<!-- \/ Yoast SEO plugin. -->","yoast_head_json":{"title":"Impressum - Wahlarztordination Dr. Auzinger","robots":{"index":"index","follow":"follow","max-snippet":"max-snippet:-1","max-image-preview":"max-image-preview:large","max-video-preview":"max-video-preview:-1"},"canonical":"https:\/\/dr-auzinger.at\/?page_id=83","og_locale":"de_DE","og_type":"article","og_title":"Impressum - Wahlarztordination Dr. Auzinger","og_description":"Informationen und Offenlegung gem\u00e4\u00df \u00a75 (1) ECG, \u00a7 25 MedienG, \u00a7 63 GewO [&hellip;]","og_url":"https:\/\/dr-auzinger.at\/?page_id=83","og_site_name":"Wahlarztordination Dr. Auzinger","article_modified_time":"2025-02-20T16:49:55+00:00","twitter_card":"summary_large_image","twitter_misc":{"Gesch\u00e4tzte Lesezeit":"2\u00a0Minuten"},"schema":{"@context":"https:\/\/schema.org","@graph":[{"@type":"WebPage","@id":"https:\/\/dr-auzinger.at\/?page_id=83","url":"https:\/\/dr-auzinger.at\/?page_id=83","name":"Impressum - Wahlarztordination Dr. Auzinger","isPartOf":{"@id":"https:\/\/dr-auzinger.at\/#website"},"datePublished":"2025-02-20T16:49:54+00:00","dateModified":"2025-02-20T16:49:55+00:00","breadcrumb":{"@id":"https:\/\/dr-auzinger.at\/?page_id=83#breadcrumb"},"inLanguage":"de","potentialAction":[{"@type":"ReadAction","target":["https:\/\/dr-auzinger.at\/?page_id=83"]}]},{"@type":"BreadcrumbList","@id":"https:\/\/dr-auzinger.at\/?page_id=83#breadcrumb","itemListElement":[{"@type":"ListItem","position":1,"name":"Startseite","item":"https:\/\/dr-auzinger.at\/"},{"@type":"ListItem","position":2,"name":"Impressum"}]},{"@type":"WebSite","@id":"https:\/\/dr-auzinger.at\/#website","url":"https:\/\/dr-auzinger.at\/","name":"HNO Wahlarztordination Dr. Auzinger Nora","description":"","publisher":{"@id":"https:\/\/dr-auzinger.at\/#organization"},"potentialAction":[{"@type":"SearchAction","target":{"@type":"EntryPoint","urlTemplate":"https:\/\/dr-auzinger.at\/?s={search_term_string}"},"query-input":{"@type":"PropertyValueSpecification","valueRequired":true,"valueName":"search_term_string"}}],"inLanguage":"de"},{"@type":"Organization","@id":"https:\/\/dr-auzinger.at\/#organization","name":"Wahlarztordination Dr. Auzinger Nora","url":"https:\/\/dr-auzinger.at\/","logo":{"@type":"ImageObject","inLanguage":"de","@id":"https:\/\/dr-auzinger.at\/#\/schema\/logo\/image\/","url":"https:\/\/dr-auzinger.at\/wp-content\/uploads\/2025\/02\/Logo-Doktor-Nora-Auzinger-HNO.jpg","contentUrl":"https:\/\/dr-auzinger.at\/wp-content\/uploads\/2025\/02\/Logo-Doktor-Nora-Auzinger-HNO.jpg","width":2480,"height":436,"caption":"Wahlarztordination Dr. Auzinger Nora"},"image":{"@id":"https:\/\/dr-auzinger.at\/#\/schema\/logo\/image\/"}}]}},"_links":{"self":[{"href":"https:\/\/dr-auzinger.at\/index.php?rest_route=\/wp\/v2\/pages\/83","targetHints":{"allow":["GET"]}}],"collection":[{"href":"https:\/\/dr-auzinger.at\/index.php?rest_route=\/wp\/v2\/pages"}],"about":[{"href":"https:\/\/dr-auzinger.at\/index.php?rest_route=\/wp\/v2\/types\/page"}],"author":[{"embeddable":true,"href":"https:\/\/dr-auzinger.at\/index.php?rest_route=\/wp\/v2\/users\/1"}],"replies":[{"embeddable":true,"href":"https:\/\/dr-auzinger.at\/index.php?rest_route=%2Fwp%2Fv2%2Fcomments&post=83"}],"version-history":[{"count":5,"href":"https:\/\/dr-auzinger.at\/index.php?rest_route=\/wp\/v2\/pages\/83\/revisions"}],"predecessor-version":[{"id":90,"href":"https:\/\/dr-auzinger.at\/index.php?rest_route=\/wp\/v2\/pages\/83\/revisions\/90"}],"wp:attachment":[{"href":"https:\/\/dr-auzinger.at\/index.php?rest_route=%2Fwp%2Fv2%2Fmedia&parent=83"}],"curies":[{"name":"wp","href":"https:\/\/api.w.org\/{rel}","templated":true}]}}