{"id":234,"date":"2025-02-20T19:59:57","date_gmt":"2025-02-20T19:59:57","guid":{"rendered":"https:\/\/dr-auzinger.at\/?page_id=234"},"modified":"2025-02-22T16:05:54","modified_gmt":"2025-02-22T16:05:54","slug":"colibri-234","status":"publish","type":"page","link":"https:\/\/dr-auzinger.at\/?page_id=234","title":{"rendered":"Leistungen"},"content":{"rendered":"<div data-colibri-id=\"234-c1\" class=\"style-219 style-local-234-c1 position-relative\">\r\n  <!---->\r\n  <div data-colibri-component=\"section\" data-colibri-id=\"234-c2\" id=\"overlappable\" class=\"h-section h-section-global-spacing d-flex align-items-lg-center align-items-md-center align-items-center style-222 style-local-234-c2 position-relative\">\r\n    <!---->\r\n    <!---->\r\n    <div class=\"h-section-grid-container h-section-boxed-container\">\r\n      <!---->\r\n      <div data-colibri-id=\"234-c3\" class=\"h-row-container gutters-row-lg-2 gutters-row-md-0 gutters-row-2 gutters-row-v-lg-2 gutters-row-v-md-0 gutters-row-v-2 style-223 style-local-234-c3 position-relative\">\r\n        <!---->\r\n        <div class=\"h-row justify-content-lg-center justify-content-md-center justify-content-center align-items-lg-stretch align-items-md-stretch align-items-stretch gutters-col-lg-2 gutters-col-md-0 gutters-col-2 gutters-col-v-lg-2 gutters-col-v-md-0 gutters-col-v-2\">\r\n          <!---->\r\n          <div class=\"h-column h-column-container d-flex h-col-lg-4 h-col-md-4 h-col-12 style-224-outer style-local-234-c4-outer\">\r\n            <div data-colibri-id=\"234-c4\" class=\"d-flex h-flex-basis h-column__inner h-px-lg-2 h-px-md-3 h-px-2 v-inner-lg-0 v-inner-md-3 v-inner-2 style-224 style-local-234-c4 position-relative\">\r\n              <!---->\r\n              <!---->\r\n              <div class=\"w-100 h-y-container h-column__content h-column__v-align flex-basis-100 align-self-lg-start align-self-md-start align-self-start\">\r\n                <!---->\r\n                <div data-colibri-id=\"234-c5\" class=\"h-icon style-225 style-local-234-c5 position-relative h-element\">\r\n                  <!----><span class=\"h-svg-icon h-icon__icon style-225-icon style-local-234-c5-icon\"><!--Icon by Font Awesome (https:\/\/fontawesome.com)-->\r\n    <svg version=\"1.1\" xmlns=\"http:\/\/www.w3.org\/2000\/svg\" xmlns:xlink=\"http:\/\/www.w3.org\/1999\/xlink\" id=\"headphones\" viewBox=\"0 0 1664 1896.0833\">\r\n      <path d=\"M1664 886q0 166-60 314l-20 49-185 33q-22 83-90.5 136.5T1152 1472v32q0 14-9 23t-23 9h-64q-14 0-23-9t-9-23V928q0-14 9-23t23-9h64q14 0 23 9t9 23v32q71 0 130 35.5t93 95.5l68-12q29-95 29-193 0-148-88-279t-236.5-209T832 320t-315.5 78T280 607t-88 279q0 98 29 193l68 12q34-60 93-95.5T512 960v-32q0-14 9-23t23-9h64q14 0 23 9t9 23v576q0 14-9 23t-23 9h-64q-14 0-23-9t-9-23v-32q-88 0-156.5-53.5T265 1282l-185-33-20-49Q0 1052 0 886q0-151 67-291t179-242.5T512 189t320-61 320 61 266 163.5T1597 595t67 291z\"><\/path>\r\n    <\/svg><\/span><\/div>\r\n                <div data-colibri-id=\"234-c6\" class=\"h-global-transition-all h-heading style-226 style-local-234-c6 position-relative h-element\">\r\n                  <!---->\r\n                  <div class=\"h-heading__outer style-226 style-local-234-c6\">\r\n                    <!---->\r\n                    <!---->\r\n                    <h5 class=\"\">H\u00d6RTESTUNG<\/h5>\r\n                  <\/div>\r\n                <\/div>\r\n                <div data-colibri-id=\"234-c7\" class=\"h-text h-text-component style-227 style-local-234-c7 position-relative h-element\">\r\n                  <!---->\r\n                  <!---->\r\n                  <div class=\"\">\r\n                    <p>akut oder chronisch vermindertes H\u00f6rverm\u00f6gen<\/p>\r\n                    <p>H\u00f6rger\u00e4teverordnung<\/p>\r\n                  <\/div>\r\n                <\/div>\r\n              <\/div>\r\n            <\/div>\r\n          <\/div>\r\n          <div class=\"h-column h-column-container d-flex h-col-lg-4 h-col-md-4 h-col-12 style-224-outer style-local-234-c8-outer\">\r\n            <div data-colibri-id=\"234-c8\" class=\"d-flex h-flex-basis h-column__inner h-px-lg-2 h-px-md-3 h-px-2 v-inner-lg-0 v-inner-md-3 v-inner-2 style-224 style-local-234-c8 position-relative\">\r\n              <!---->\r\n              <!---->\r\n              <div class=\"w-100 h-y-container h-column__content h-column__v-align flex-basis-100 align-self-lg-start align-self-md-start align-self-start\">\r\n                <!---->\r\n                <div data-colibri-id=\"234-c9\" class=\"h-icon style-225 style-local-234-c9 position-relative h-element\">\r\n                  <!----><span class=\"h-svg-icon h-icon__icon style-225-icon style-local-234-c9-icon\"><!--Icon by Font Awesome (https:\/\/fontawesome.com)-->\r\n    <svg version=\"1.1\" xmlns=\"http:\/\/www.w3.org\/2000\/svg\" xmlns:xlink=\"http:\/\/www.w3.org\/1999\/xlink\" id=\"pagelines\" viewBox=\"0 0 1408 1896.0833\">\r\n      <path d=\"M1402 1103q-32 80-76 138t-91 88.5-99 46.5-101.5 14.5-96.5-8.5-86.5-22-69.5-27.5-46-22.5l-17-10q-113 228-289.5 359.5T45 1792q-19 0-32-13t-13-32 13-31.5 32-12.5q173-1 322.5-107.5T619 1301q-36 14-72 23t-83 13-91-2.5-93-28.5-92-59-84.5-100T29 1001q114-47 214-57t167.5 7.5T535 1008t88.5 77 56.5 82q53-131 79-291-7 1-18 2.5t-46.5 2.5-69.5-.5-81.5-10-88.5-23-84-42.5-75-65-54.5-94.5T213 518q70-28 133.5-36.5t112.5 1 92 30 73.5 50 56 61 42 63 27.5 56 16 39.5l4 16q12-122 12-195-8-6-21.5-16t-49-44.5T648 471t-54-93-33-112.5 12-127T643 0q73 25 127.5 61.5T855 138t48 85 20.5 89-.5 85.5-13 76.5-19 62-17 42l-7 15q1 4 1 50t-1 72q3-7 10-18.5t30.5-43 50.5-58 71-55.5 91.5-44.5 112-14.5 132.5 24q-2 78-21.5 141.5t-50 104.5-69.5 71.5-81.5 45.5-84.5 24-80 9.5-67.5-1T864 896l-17-3q-23 147-73 283 6-7 18-18.5t49.5-41T919 1064t99.5-42 117.5-20 129 23.5 137 77.5z\"><\/path>\r\n    <\/svg><\/span><\/div>\r\n                <div data-colibri-id=\"234-c10\" class=\"h-global-transition-all h-heading style-226 style-local-234-c10 position-relative h-element\">\r\n                  <!---->\r\n                  <div class=\"h-heading__outer style-226 style-local-234-c10\">\r\n                    <!---->\r\n                    <!---->\r\n                    <h5 class=\"\">Allergie<\/h5>\r\n                  <\/div>\r\n                <\/div>\r\n                <div data-colibri-id=\"234-c11\" class=\"h-text h-text-component style-227 style-local-234-c11 position-relative h-element\">\r\n                  <!---->\r\n                  <!---->\r\n                  <div class=\"\">\r\n                    <p>Allergieaustestung (Pollen, Hausstaubmilbe, Tierhaare etc.)<\/p>\r\n                  <\/div>\r\n                <\/div>\r\n              <\/div>\r\n            <\/div>\r\n          <\/div>\r\n          <div class=\"h-column h-column-container d-flex h-col-lg-4 h-col-md-4 h-col-12 style-224-outer style-local-234-c12-outer\">\r\n            <div data-colibri-id=\"234-c12\" class=\"d-flex h-flex-basis h-column__inner h-px-lg-2 h-px-md-3 h-px-2 v-inner-lg-0 v-inner-md-3 v-inner-2 style-224 style-local-234-c12 position-relative\">\r\n              <!---->\r\n              <!---->\r\n              <div class=\"w-100 h-y-container h-column__content h-column__v-align flex-basis-100 align-self-lg-start align-self-md-start align-self-start\">\r\n                <!---->\r\n                <div data-colibri-id=\"234-c13\" class=\"h-icon style-225 style-local-234-c13 position-relative h-element\">\r\n                  <!----><span class=\"h-svg-icon h-icon__icon style-225-icon style-local-234-c13-icon\"><!--Icon by Font Awesome (https:\/\/fontawesome.com)-->\r\n    <svg version=\"1.1\" xmlns=\"http:\/\/www.w3.org\/2000\/svg\" xmlns:xlink=\"http:\/\/www.w3.org\/1999\/xlink\" id=\"plus-circle\" viewBox=\"0 0 1536 1896.0833\">\r\n      <path d=\"M1216 960V832q0-26-19-45t-45-19H896V512q0-26-19-45t-45-19H704q-26 0-45 19t-19 45v256H384q-26 0-45 19t-19 45v128q0 26 19 45t45 19h256v256q0 26 19 45t45 19h128q26 0 45-19t19-45v-256h256q26 0 45-19t19-45zm320-64q0 209-103 385.5T1153.5 1561 768 1664t-385.5-103T103 1281.5 0 896t103-385.5T382.5 231 768 128t385.5 103T1433 510.5 1536 896z\"><\/path>\r\n    <\/svg><\/span><\/div>\r\n                <div data-colibri-id=\"234-c14\" class=\"h-global-transition-all h-heading style-226 style-local-234-c14 position-relative h-element\">\r\n                  <!---->\r\n                  <div class=\"h-heading__outer style-226 style-local-234-c14\">\r\n                    <!---->\r\n                    <!---->\r\n                    <h5 class=\"\">akute HNO Beschwerden<\/h5>\r\n                  <\/div>\r\n                <\/div>\r\n                <div data-colibri-id=\"234-c15\" class=\"h-text h-text-component style-227 style-local-234-c15 position-relative h-element\">\r\n                  <!---->\r\n                  <!---->\r\n                  <div class=\"\">\r\n                    <p>Halsschmerzen, Ohrenschmerzen, Schwindel, Schnupfen usw.<\/p>\r\n                  <\/div>\r\n                <\/div>\r\n              <\/div>\r\n            <\/div>\r\n          <\/div>\r\n        <\/div>\r\n      <\/div>\r\n    <\/div>\r\n  <\/div>\r\n  <div data-colibri-component=\"section\" data-colibri-id=\"234-c16\" id=\"overlappable-2\" class=\"h-section h-section-global-spacing d-flex align-items-lg-center align-items-md-center align-items-center style-269 style-local-234-c16 position-relative\">\r\n    <!---->\r\n    <!---->\r\n    <div class=\"h-section-grid-container h-section-boxed-container\">\r\n      <!---->\r\n      <div data-colibri-id=\"234-c17\" class=\"h-row-container gutters-row-lg-2 gutters-row-md-0 gutters-row-2 gutters-row-v-lg-2 gutters-row-v-md-0 gutters-row-v-2 style-270 style-local-234-c17 position-relative\">\r\n        <!---->\r\n        <div class=\"h-row justify-content-lg-center justify-content-md-center justify-content-center align-items-lg-stretch align-items-md-stretch align-items-stretch gutters-col-lg-2 gutters-col-md-0 gutters-col-2 gutters-col-v-lg-2 gutters-col-v-md-0 gutters-col-v-2\">\r\n          <!---->\r\n          <div class=\"h-column h-column-container d-flex h-col-lg-4 h-col-md-4 h-col-12 style-271-outer style-local-234-c18-outer\">\r\n            <div data-colibri-id=\"234-c18\" class=\"d-flex h-flex-basis h-column__inner h-px-lg-2 h-px-md-3 h-px-2 v-inner-lg-0 v-inner-md-3 v-inner-2 style-271 style-local-234-c18 position-relative\">\r\n              <!---->\r\n              <!---->\r\n              <div class=\"w-100 h-y-container h-column__content h-column__v-align flex-basis-100 align-self-lg-start align-self-md-start align-self-start\">\r\n                <!---->\r\n                <div data-colibri-id=\"234-c19\" class=\"h-icon style-272 style-local-234-c19 position-relative h-element\">\r\n                  <!----><span class=\"h-svg-icon h-icon__icon style-272-icon style-local-234-c19-icon\"><!--Icon by Font Awesome (https:\/\/fontawesome.com)-->\r\n    <svg version=\"1.1\" xmlns=\"http:\/\/www.w3.org\/2000\/svg\" xmlns:xlink=\"http:\/\/www.w3.org\/1999\/xlink\" id=\"bed\" viewBox=\"0 0 2048 1896.0833\">\r\n      <path d=\"M256 1024h1728q26 0 45 19t19 45v448h-256v-256H256v256H0V320q0-26 19-45t45-19h128q26 0 45 19t19 45v704zm576-320q0-106-75-181t-181-75-181 75-75 181 75 181 181 75 181-75 75-181zm1216 256v-64q0-159-112.5-271.5T1664 512H960q-26 0-45 19t-19 45v384h1152z\"><\/path>\r\n    <\/svg><\/span><\/div>\r\n                <div data-colibri-id=\"234-c20\" class=\"h-global-transition-all h-heading style-273 style-local-234-c20 position-relative h-element\">\r\n                  <!---->\r\n                  <div class=\"h-heading__outer style-273 style-local-234-c20\">\r\n                    <!---->\r\n                    <!---->\r\n                    <h5 class=\"\">SCHNARCHEN<\/h5>\r\n                  <\/div>\r\n                <\/div>\r\n                <div data-colibri-id=\"234-c21\" class=\"h-text h-text-component style-274 style-local-234-c21 position-relative h-element\">\r\n                  <!---->\r\n                  <!---->\r\n                  <div class=\"\">\r\n                    <p>Beratung und Abkl\u00e4rung bei Schnarchen (Rhonchopathie)<\/p>\r\n                    <p>Schnarchuntersuchung (Polygraphie)<\/p>\r\n                  <\/div>\r\n                <\/div>\r\n              <\/div>\r\n            <\/div>\r\n          <\/div>\r\n          <div class=\"h-column h-column-container d-flex h-col-lg-4 h-col-md-4 h-col-12 style-271-outer style-local-234-c22-outer\">\r\n            <div data-colibri-id=\"234-c22\" class=\"d-flex h-flex-basis h-column__inner h-px-lg-2 h-px-md-3 h-px-2 v-inner-lg-0 v-inner-md-3 v-inner-2 style-271 style-local-234-c22 position-relative\">\r\n              <!---->\r\n              <!---->\r\n              <div class=\"w-100 h-y-container h-column__content h-column__v-align flex-basis-100 align-self-lg-start align-self-md-start align-self-start\">\r\n                <!---->\r\n                <div data-colibri-id=\"234-c23\" class=\"h-icon style-272 style-local-234-c23 position-relative h-element\">\r\n                  <!----><span class=\"h-svg-icon h-icon__icon style-272-icon style-local-234-c23-icon\"><!--Icon by Font Awesome (https:\/\/fontawesome.com)-->\r\n    <svg version=\"1.1\" xmlns=\"http:\/\/www.w3.org\/2000\/svg\" xmlns:xlink=\"http:\/\/www.w3.org\/1999\/xlink\" id=\"eyedropper\" viewBox=\"0 0 1792 1896.0833\">\r\n      <path d=\"M1698 94q94 94 94 226.5T1698 546l-225 223 104 104q10 10 10 23t-10 23l-210 210q-10 10-23 10t-23-10l-105-105-603 603q-37 37-90 37H320L64 1792l-64-64 128-256v-203q0-53 37-90l603-603-105-105q-10-10-10-23t10-23l210-210q10-10 23-10t23 10l104 104 223-225q93-94 225.5-94T1698 94zM512 1472l576-576-192-192-576 576v192h192z\"><\/path>\r\n    <\/svg><\/span><\/div>\r\n                <div data-colibri-id=\"234-c24\" class=\"h-global-transition-all h-heading style-273 style-local-234-c24 position-relative h-element\">\r\n                  <!---->\r\n                  <div class=\"h-heading__outer style-273 style-local-234-c24\">\r\n                    <!---->\r\n                    <!---->\r\n                    <h5 class=\"\">Allergenspezifische immuntherapie (AIT)<\/h5>\r\n                  <\/div>\r\n                <\/div>\r\n                <div data-colibri-id=\"234-c25\" class=\"h-text h-text-component style-274 style-local-234-c25 position-relative h-element\">\r\n                  <!---->\r\n                  <!---->\r\n                  <div class=\"\">\r\n                    <p>Hyposensibilisierungsbehandlung bei inhalativen Allergien (Spritze oder Tablette)<\/p>\r\n                  <\/div>\r\n                <\/div>\r\n              <\/div>\r\n            <\/div>\r\n          <\/div>\r\n          <div class=\"h-column h-column-container d-flex h-col-lg-4 h-col-md-4 h-col-12 style-271-outer style-local-234-c26-outer\">\r\n            <div data-colibri-id=\"234-c26\" class=\"d-flex h-flex-basis h-column__inner h-px-lg-2 h-px-md-3 h-px-2 v-inner-lg-0 v-inner-md-3 v-inner-2 style-271 style-local-234-c26 position-relative\">\r\n              <!---->\r\n              <!---->\r\n              <div class=\"w-100 h-y-container h-column__content h-column__v-align flex-basis-100 align-self-lg-start align-self-md-start align-self-start\">\r\n                <!---->\r\n                <div data-colibri-id=\"234-c27\" class=\"h-icon style-272 style-local-234-c27 position-relative h-element\">\r\n                  <!----><span class=\"h-svg-icon h-icon__icon style-272-icon style-local-234-c27-icon\"><!--Icon by Font Awesome (https:\/\/fontawesome.com)-->\r\n    <svg version=\"1.1\" xmlns=\"http:\/\/www.w3.org\/2000\/svg\" xmlns:xlink=\"http:\/\/www.w3.org\/1999\/xlink\" id=\"music\" viewBox=\"0 0 1536 1896.0833\">\r\n      <path d=\"M1536 224v1120q0 50-34 89t-86 60.5-103.5 32-96.5 10.5-96.5-10.5-103.5-32-86-60.5-34-89 34-89 86-60.5 103.5-32 96.5-10.5q105 0 192 39V654L640 891v709q0 50-34 89t-86 60.5-103.5 32T320 1792t-96.5-10.5-103.5-32-86-60.5-34-89 34-89 86-60.5 103.5-32T320 1408q105 0 192 39V480q0-31 19-56.5t49-35.5l832-256q12-4 28-4 40 0 68 28t28 68z\"><\/path>\r\n    <\/svg><\/span><\/div>\r\n                <div data-colibri-id=\"234-c28\" class=\"h-global-transition-all h-heading style-273 style-local-234-c28 position-relative h-element\">\r\n                  <!---->\r\n                  <div class=\"h-heading__outer style-273 style-local-234-c28\">\r\n                    <!---->\r\n                    <!---->\r\n                    <h5 class=\"\">Tinnitus<\/h5>\r\n                  <\/div>\r\n                <\/div>\r\n                <div data-colibri-id=\"234-c29\" class=\"h-text h-text-component style-274 style-local-234-c29 position-relative h-element\">\r\n                  <!---->\r\n                  <!---->\r\n                  <div class=\"\">\r\n                    <p>Abkl\u00e4rung und Beratung bei akuten und chronischen Ohrger\u00e4uschen<\/p>\r\n                  <\/div>\r\n                <\/div>\r\n              <\/div>\r\n            <\/div>\r\n          <\/div>\r\n        <\/div>\r\n      <\/div>\r\n      <div data-colibri-id=\"234-c30\" class=\"h-row-container gutters-row-lg-2 gutters-row-md-2 gutters-row-0 gutters-row-v-lg-2 gutters-row-v-md-2 gutters-row-v-2 style-275 style-local-234-c30 position-relative\">\r\n        <!---->\r\n        <div class=\"h-row justify-content-lg-center justify-content-md-center justify-content-center align-items-lg-stretch align-items-md-stretch align-items-stretch gutters-col-lg-2 gutters-col-md-2 gutters-col-0 gutters-col-v-lg-2 gutters-col-v-md-2 gutters-col-v-2\">\r\n          <!---->\r\n          <div class=\"h-column h-column-container d-flex h-col-lg-auto h-col-md-auto h-col-auto style-276-outer style-local-234-c31-outer\">\r\n            <div data-colibri-id=\"234-c31\" class=\"d-flex h-flex-basis h-column__inner h-px-lg-2 h-px-md-2 h-px-2 v-inner-lg-2 v-inner-md-2 v-inner-2 style-276 style-local-234-c31 position-relative\">\r\n              <!---->\r\n              <!---->\r\n              <div class=\"w-100 h-y-container h-column__content h-column__v-align flex-basis-100 align-self-lg-start align-self-md-start align-self-start\">\r\n                <!---->\r\n                <div data-colibri-id=\"234-c32\" class=\"h-x-container style-263 style-local-234-c32 position-relative h-element\">\r\n                  <!---->\r\n                  <div class=\"h-x-container-inner style-dynamic-234-c32-group style-263-spacing style-local-234-c32-spacing\"><span class=\"h-link__outer style-264-outer style-local-234-c33-outer d-inline-flex h-element\"><a h-use-smooth-scroll=\"true\" href=\"http:\/\/dr-auzinger.at\"  data-colibri-id=\"234-c33\" class=\"d-flex w-100 align-items-center h-link style-264 style-local-234-c33 position-relative\"><!----><!----> <span>ZUR\u00dcCK<\/span><\/a>\r\n                    <\/span>\r\n                  <\/div>\r\n                <\/div>\r\n              <\/div>\r\n            <\/div>\r\n          <\/div>\r\n        <\/div>\r\n      <\/div>\r\n    <\/div>\r\n  <\/div>\r\n<\/div>","protected":false},"excerpt":{"rendered":"<p>H\u00d6RTESTUNG akut oder chronisch vermindertes H\u00f6rverm\u00f6gen H\u00f6rger\u00e4teverordnung Allergie Allergieaustestung (Pollen, Hausstaubmilbe, Tierhaare etc.) [&hellip;]<\/p>\n","protected":false},"author":1,"featured_media":0,"parent":0,"menu_order":0,"comment_status":"closed","ping_status":"closed","template":"page-templates\/full-width-page.php","meta":{"footnotes":""},"class_list":["post-234","page","type-page","status-publish","hentry"],"yoast_head":"<!-- This site is optimized with the Yoast SEO plugin v26.6 - https:\/\/yoast.com\/wordpress\/plugins\/seo\/ -->\n<title>Leistungen - Wahlarztordination Dr. Auzinger<\/title>\n<meta name=\"robots\" content=\"index, follow, max-snippet:-1, max-image-preview:large, max-video-preview:-1\" \/>\n<link rel=\"canonical\" href=\"https:\/\/dr-auzinger.at\/?page_id=234\" \/>\n<meta property=\"og:locale\" content=\"de_DE\" \/>\n<meta property=\"og:type\" content=\"article\" \/>\n<meta property=\"og:title\" content=\"Leistungen - Wahlarztordination Dr. Auzinger\" \/>\n<meta property=\"og:description\" content=\"H\u00d6RTESTUNG akut oder chronisch vermindertes H\u00f6rverm\u00f6gen H\u00f6rger\u00e4teverordnung Allergie Allergieaustestung (Pollen, Hausstaubmilbe, Tierhaare etc.) [&hellip;]\" \/>\n<meta property=\"og:url\" content=\"https:\/\/dr-auzinger.at\/?page_id=234\" \/>\n<meta property=\"og:site_name\" content=\"Wahlarztordination Dr. Auzinger\" \/>\n<meta property=\"article:modified_time\" content=\"2025-02-22T16:05:54+00:00\" \/>\n<meta name=\"twitter:card\" content=\"summary_large_image\" \/>\n<meta name=\"twitter:label1\" content=\"Gesch\u00e4tzte Lesezeit\" \/>\n\t<meta name=\"twitter:data1\" content=\"1\u00a0Minute\" \/>\n<script type=\"application\/ld+json\" class=\"yoast-schema-graph\">{\"@context\":\"https:\/\/schema.org\",\"@graph\":[{\"@type\":\"WebPage\",\"@id\":\"https:\/\/dr-auzinger.at\/?page_id=234\",\"url\":\"https:\/\/dr-auzinger.at\/?page_id=234\",\"name\":\"Leistungen - Wahlarztordination Dr. Auzinger\",\"isPartOf\":{\"@id\":\"https:\/\/dr-auzinger.at\/#website\"},\"datePublished\":\"2025-02-20T19:59:57+00:00\",\"dateModified\":\"2025-02-22T16:05:54+00:00\",\"breadcrumb\":{\"@id\":\"https:\/\/dr-auzinger.at\/?page_id=234#breadcrumb\"},\"inLanguage\":\"de\",\"potentialAction\":[{\"@type\":\"ReadAction\",\"target\":[\"https:\/\/dr-auzinger.at\/?page_id=234\"]}]},{\"@type\":\"BreadcrumbList\",\"@id\":\"https:\/\/dr-auzinger.at\/?page_id=234#breadcrumb\",\"itemListElement\":[{\"@type\":\"ListItem\",\"position\":1,\"name\":\"Startseite\",\"item\":\"https:\/\/dr-auzinger.at\/\"},{\"@type\":\"ListItem\",\"position\":2,\"name\":\"Leistungen\"}]},{\"@type\":\"WebSite\",\"@id\":\"https:\/\/dr-auzinger.at\/#website\",\"url\":\"https:\/\/dr-auzinger.at\/\",\"name\":\"HNO Wahlarztordination Dr. Auzinger Nora\",\"description\":\"\",\"publisher\":{\"@id\":\"https:\/\/dr-auzinger.at\/#organization\"},\"potentialAction\":[{\"@type\":\"SearchAction\",\"target\":{\"@type\":\"EntryPoint\",\"urlTemplate\":\"https:\/\/dr-auzinger.at\/?s={search_term_string}\"},\"query-input\":{\"@type\":\"PropertyValueSpecification\",\"valueRequired\":true,\"valueName\":\"search_term_string\"}}],\"inLanguage\":\"de\"},{\"@type\":\"Organization\",\"@id\":\"https:\/\/dr-auzinger.at\/#organization\",\"name\":\"Wahlarztordination Dr. Auzinger Nora\",\"url\":\"https:\/\/dr-auzinger.at\/\",\"logo\":{\"@type\":\"ImageObject\",\"inLanguage\":\"de\",\"@id\":\"https:\/\/dr-auzinger.at\/#\/schema\/logo\/image\/\",\"url\":\"https:\/\/dr-auzinger.at\/wp-content\/uploads\/2025\/02\/Logo-Doktor-Nora-Auzinger-HNO.jpg\",\"contentUrl\":\"https:\/\/dr-auzinger.at\/wp-content\/uploads\/2025\/02\/Logo-Doktor-Nora-Auzinger-HNO.jpg\",\"width\":2480,\"height\":436,\"caption\":\"Wahlarztordination Dr. Auzinger Nora\"},\"image\":{\"@id\":\"https:\/\/dr-auzinger.at\/#\/schema\/logo\/image\/\"}}]}<\/script>\n<!-- \/ Yoast SEO plugin. -->","yoast_head_json":{"title":"Leistungen - Wahlarztordination Dr. Auzinger","robots":{"index":"index","follow":"follow","max-snippet":"max-snippet:-1","max-image-preview":"max-image-preview:large","max-video-preview":"max-video-preview:-1"},"canonical":"https:\/\/dr-auzinger.at\/?page_id=234","og_locale":"de_DE","og_type":"article","og_title":"Leistungen - Wahlarztordination Dr. Auzinger","og_description":"H\u00d6RTESTUNG akut oder chronisch vermindertes H\u00f6rverm\u00f6gen H\u00f6rger\u00e4teverordnung Allergie Allergieaustestung (Pollen, Hausstaubmilbe, Tierhaare etc.) [&hellip;]","og_url":"https:\/\/dr-auzinger.at\/?page_id=234","og_site_name":"Wahlarztordination Dr. Auzinger","article_modified_time":"2025-02-22T16:05:54+00:00","twitter_card":"summary_large_image","twitter_misc":{"Gesch\u00e4tzte Lesezeit":"1\u00a0Minute"},"schema":{"@context":"https:\/\/schema.org","@graph":[{"@type":"WebPage","@id":"https:\/\/dr-auzinger.at\/?page_id=234","url":"https:\/\/dr-auzinger.at\/?page_id=234","name":"Leistungen - Wahlarztordination Dr. Auzinger","isPartOf":{"@id":"https:\/\/dr-auzinger.at\/#website"},"datePublished":"2025-02-20T19:59:57+00:00","dateModified":"2025-02-22T16:05:54+00:00","breadcrumb":{"@id":"https:\/\/dr-auzinger.at\/?page_id=234#breadcrumb"},"inLanguage":"de","potentialAction":[{"@type":"ReadAction","target":["https:\/\/dr-auzinger.at\/?page_id=234"]}]},{"@type":"BreadcrumbList","@id":"https:\/\/dr-auzinger.at\/?page_id=234#breadcrumb","itemListElement":[{"@type":"ListItem","position":1,"name":"Startseite","item":"https:\/\/dr-auzinger.at\/"},{"@type":"ListItem","position":2,"name":"Leistungen"}]},{"@type":"WebSite","@id":"https:\/\/dr-auzinger.at\/#website","url":"https:\/\/dr-auzinger.at\/","name":"HNO Wahlarztordination Dr. Auzinger Nora","description":"","publisher":{"@id":"https:\/\/dr-auzinger.at\/#organization"},"potentialAction":[{"@type":"SearchAction","target":{"@type":"EntryPoint","urlTemplate":"https:\/\/dr-auzinger.at\/?s={search_term_string}"},"query-input":{"@type":"PropertyValueSpecification","valueRequired":true,"valueName":"search_term_string"}}],"inLanguage":"de"},{"@type":"Organization","@id":"https:\/\/dr-auzinger.at\/#organization","name":"Wahlarztordination Dr. Auzinger Nora","url":"https:\/\/dr-auzinger.at\/","logo":{"@type":"ImageObject","inLanguage":"de","@id":"https:\/\/dr-auzinger.at\/#\/schema\/logo\/image\/","url":"https:\/\/dr-auzinger.at\/wp-content\/uploads\/2025\/02\/Logo-Doktor-Nora-Auzinger-HNO.jpg","contentUrl":"https:\/\/dr-auzinger.at\/wp-content\/uploads\/2025\/02\/Logo-Doktor-Nora-Auzinger-HNO.jpg","width":2480,"height":436,"caption":"Wahlarztordination Dr. Auzinger Nora"},"image":{"@id":"https:\/\/dr-auzinger.at\/#\/schema\/logo\/image\/"}}]}},"_links":{"self":[{"href":"https:\/\/dr-auzinger.at\/index.php?rest_route=\/wp\/v2\/pages\/234","targetHints":{"allow":["GET"]}}],"collection":[{"href":"https:\/\/dr-auzinger.at\/index.php?rest_route=\/wp\/v2\/pages"}],"about":[{"href":"https:\/\/dr-auzinger.at\/index.php?rest_route=\/wp\/v2\/types\/page"}],"author":[{"embeddable":true,"href":"https:\/\/dr-auzinger.at\/index.php?rest_route=\/wp\/v2\/users\/1"}],"replies":[{"embeddable":true,"href":"https:\/\/dr-auzinger.at\/index.php?rest_route=%2Fwp%2Fv2%2Fcomments&post=234"}],"version-history":[{"count":8,"href":"https:\/\/dr-auzinger.at\/index.php?rest_route=\/wp\/v2\/pages\/234\/revisions"}],"predecessor-version":[{"id":348,"href":"https:\/\/dr-auzinger.at\/index.php?rest_route=\/wp\/v2\/pages\/234\/revisions\/348"}],"wp:attachment":[{"href":"https:\/\/dr-auzinger.at\/index.php?rest_route=%2Fwp%2Fv2%2Fmedia&parent=234"}],"curies":[{"name":"wp","href":"https:\/\/api.w.org\/{rel}","templated":true}]}}